{"id":245,"date":"2014-11-05T21:30:44","date_gmt":"2014-11-05T21:30:44","guid":{"rendered":"http:\/\/themedemos.webmandesign.eu\/modern\/?page_id=2"},"modified":"2026-02-09T14:47:23","modified_gmt":"2026-02-09T14:47:23","slug":"sample-page-2","status":"publish","type":"page","link":"https:\/\/ff-fuegen.at\/","title":{"rendered":"Homepage"},"content":{"rendered":"\n\t\n\t<p>Die Freiwillige Feuerwehr F\u00fcgen ist f\u00fcr die Gemeinden F\u00fcgen (4.845 Einwohner) und F\u00fcgenberg (1.900 Einwohner) zust\u00e4ndig.<\/p>\n<p>Dazu stehen uns 10 Fahrzeuge, zwei Anh\u00e4nger und ein Heuwehrger\u00e4t zur Verf\u00fcgung. Mit 103 aktiven Mitgliedern sorgen wir f\u00fcr die Sicherheit unserer Mitb\u00fcrgerinnen und Mitb\u00fcrger und nat\u00fcrlich auch f\u00fcr die unserer zahlreichen Urlaubsg\u00e4ste.<\/p>\n<p>Insgesamt haben die beiden Gemeinden ca. 900.000 N\u00e4chtigungen im Jahr zu verzeichnen.\u00a0Besonders in F\u00fcgen sind sehr viele Wirtschaftsbetriebe u. a. das gro\u00dfe S\u00e4gewerk der Fa. Binderholz ans\u00e4ssig.\u00a0<\/p>\nDie FF F\u00fcgen hat derzeit eine \u201eHauptfeuerwehr&#8220; in F\u00fcgen, sowie eine L\u00f6schgruppe in Hochf\u00fcgen. Wir freuen uns auch immer \u00fcber <strong>neue Mitglieder<\/strong>, jeder B\u00fcrger und jede B\u00fcrgerin aus F\u00fcgen und F\u00fcgenberg, ist <strong>ab dem 15. Geburtstag<\/strong> herzlich bei uns willkommen!<br \/>\n\n<p>&nbsp;<\/p>\n<b>Stand per: 08. April 2023<br \/>\n<\/b>\n\t\t\t\t<img decoding=\"async\" src=\"https:\/\/ff-fuegen.at\/wp-content\/uploads\/2017\/03\/IMG_3602.jpg\" alt=\"IMG_3602\" itemprop=\"image\"  \/>\n\t","protected":false},"excerpt":{"rendered":"<div class=\"entry-summary\">\n<div class=\"entry-summary\">\nDie Freiwillige Feuerwehr F\u00fcgen ist f\u00fcr die Gemeinden F\u00fcgen (4.845 Einwohner) und&hellip;\n<\/div>\n<div class=\"link-more\"><a href=\"https:\/\/ff-fuegen.at\/\" class=\"more-link\">Continue reading<span class=\"screen-reader-text\"> &ldquo;Homepage&rdquo;<\/span>&hellip;<\/a><\/div>\n<\/div>\n<div class=\"link-more\"><a href=\"https:\/\/ff-fuegen.at\/\" class=\"more-link\">Continue reading<span class=\"screen-reader-text\"> &ldquo;Homepage&rdquo;<\/span>&hellip;<\/a><\/div>\n","protected":false},"author":3,"featured_media":0,"parent":0,"menu_order":6,"comment_status":"closed","ping_status":"closed","template":"page-template\/_fullwidth.php","meta":{"_acf_changed":false,"footnotes":""},"class_list":["post-245","page","type-page","status-publish","hentry","entry"],"acf":[],"_links":{"self":[{"href":"https:\/\/ff-fuegen.at\/index.php?rest_route=\/wp\/v2\/pages\/245","targetHints":{"allow":["GET"]}}],"collection":[{"href":"https:\/\/ff-fuegen.at\/index.php?rest_route=\/wp\/v2\/pages"}],"about":[{"href":"https:\/\/ff-fuegen.at\/index.php?rest_route=\/wp\/v2\/types\/page"}],"author":[{"embeddable":true,"href":"https:\/\/ff-fuegen.at\/index.php?rest_route=\/wp\/v2\/users\/3"}],"replies":[{"embeddable":true,"href":"https:\/\/ff-fuegen.at\/index.php?rest_route=%2Fwp%2Fv2%2Fcomments&post=245"}],"version-history":[{"count":1,"href":"https:\/\/ff-fuegen.at\/index.php?rest_route=\/wp\/v2\/pages\/245\/revisions"}],"predecessor-version":[{"id":5773,"href":"https:\/\/ff-fuegen.at\/index.php?rest_route=\/wp\/v2\/pages\/245\/revisions\/5773"}],"wp:attachment":[{"href":"https:\/\/ff-fuegen.at\/index.php?rest_route=%2Fwp%2Fv2%2Fmedia&parent=245"}],"curies":[{"name":"wp","href":"https:\/\/api.w.org\/{rel}","templated":true}]}}