{"id":3942,"date":"2022-09-20T10:47:56","date_gmt":"2022-09-20T10:47:56","guid":{"rendered":"https:\/\/ff-fuegen.at\/?page_id=3942"},"modified":"2022-09-22T05:40:09","modified_gmt":"2022-09-22T05:40:09","slug":"mtf-a","status":"publish","type":"page","link":"https:\/\/ff-fuegen.at\/?page_id=3942","title":{"rendered":"MTF-A"},"content":{"rendered":"<p class=\"bodytext\"><b>Taktische Bezeichnung:<\/b> MTF-A<\/p>\n<p class=\"bodytext\"><b>M<\/b>annschafts<b>t<\/b>ransport<b>f<\/b>ahrzeug &#8211; Fahrzeug mit <strong>A<\/strong>llrad<\/p>\n<p><strong>Verantwortliche f\u00fcr das Fahrzeug:<\/strong> OFM Feichter Sandra<\/p>\n<p class=\"bodytext\"><b>Marke:<\/b> MAN<br \/>\n<b>Baujahr:<\/b> 2020<br \/>\n<b>Leistung:<\/b>\u00a0 180 PS<br \/>\n<b>Schaltung:<\/b> Vollautomatik<br \/>\n<b>Funkrufname:<\/b> MTF F\u00fcgen<br \/>\n<b>Besatzung:<\/b> 1 + 8<br \/>\n<b>Aufbauhersteller: <\/b>Fa. Empl, Kaltenbach, Hans Angermaier<\/p>\n<p><strong>Fahrzeugpatin:<\/strong> Baumann Maria<\/p>\n<p>&nbsp;<\/p>\n<p>Das Fahrzeug wurde vor allem f\u00fcr die Jugend\u00fcbungen und f\u00fcr Eins\u00e4tze, bei denen schnell, viele Mitglieder vor Ort sein sollen, angeschafft. Das MTF-A wurde vollst\u00e4ndig aus der Kameradschaftskasse finanziert.<\/p>\n","protected":false},"excerpt":{"rendered":"<div class=\"entry-summary\">\n<div class=\"entry-summary\">\nTaktische Bezeichnung: MTF-A Mannschaftstransportfahrzeug &#8211; Fahrzeug mit Allrad Verantwortliche f\u00fcr das Fahrzeug:&hellip;\n<\/div>\n<div class=\"link-more\"><a href=\"https:\/\/ff-fuegen.at\/?page_id=3942\" class=\"more-link\">Continue reading<span class=\"screen-reader-text\"> &ldquo;MTF-A&rdquo;<\/span>&hellip;<\/a><\/div>\n<\/div>\n<div class=\"link-more\"><a href=\"https:\/\/ff-fuegen.at\/?page_id=3942\" class=\"more-link\">Continue reading<span class=\"screen-reader-text\"> &ldquo;MTF-A&rdquo;<\/span>&hellip;<\/a><\/div>\n","protected":false},"author":5,"featured_media":3946,"parent":0,"menu_order":0,"comment_status":"closed","ping_status":"closed","template":"","meta":{"_acf_changed":false,"footnotes":""},"class_list":["post-3942","page","type-page","status-publish","has-post-thumbnail","hentry","entry"],"acf":[],"_links":{"self":[{"href":"https:\/\/ff-fuegen.at\/index.php?rest_route=\/wp\/v2\/pages\/3942","targetHints":{"allow":["GET"]}}],"collection":[{"href":"https:\/\/ff-fuegen.at\/index.php?rest_route=\/wp\/v2\/pages"}],"about":[{"href":"https:\/\/ff-fuegen.at\/index.php?rest_route=\/wp\/v2\/types\/page"}],"author":[{"embeddable":true,"href":"https:\/\/ff-fuegen.at\/index.php?rest_route=\/wp\/v2\/users\/5"}],"replies":[{"embeddable":true,"href":"https:\/\/ff-fuegen.at\/index.php?rest_route=%2Fwp%2Fv2%2Fcomments&post=3942"}],"version-history":[{"count":0,"href":"https:\/\/ff-fuegen.at\/index.php?rest_route=\/wp\/v2\/pages\/3942\/revisions"}],"wp:featuredmedia":[{"embeddable":true,"href":"https:\/\/ff-fuegen.at\/index.php?rest_route=\/wp\/v2\/media\/3946"}],"wp:attachment":[{"href":"https:\/\/ff-fuegen.at\/index.php?rest_route=%2Fwp%2Fv2%2Fmedia&parent=3942"}],"curies":[{"name":"wp","href":"https:\/\/api.w.org\/{rel}","templated":true}]}}