{"id":861,"date":"2014-11-05T22:58:59","date_gmt":"2014-11-05T21:58:59","guid":{"rendered":"http:\/\/themedemos.webmandesign.eu\/modern\/?page_id=21"},"modified":"2026-01-15T16:49:44","modified_gmt":"2026-01-15T16:49:44","slug":"contact","status":"publish","type":"page","link":"https:\/\/ff-fuegen.at\/?page_id=861","title":{"rendered":"Kontakt"},"content":{"rendered":"\n\n\t<p><strong>Interesse der Freiwilligen Feuerwehr F\u00fcgen beizutreten?<\/strong><\/p>\n\t\t\t\t<img loading=\"lazy\" decoding=\"async\" src=\"https:\/\/ff-fuegen.at\/wp-content\/uploads\/2026\/01\/FF-Fuegen-_-Fahrzeugbergung-3.jpg\" alt=\"FF F\u00fcgen _ Fahrzeugbergung-3\" itemprop=\"image\" height=\"1536\" width=\"2048\" title=\"FF F\u00fcgen _ Fahrzeugbergung-3\" onerror=\"this.style.display='none'\"  \/>\n\t\n<h2>Freiwillige Feuerwehr F\u00fcgen<\/h2>\n<address>\nKapfingerstra\u00dfe 59<br \/>\n6263 F\u00fcgen\n<p>05288 \/ 62633\u00a0 (im Einsatzfall und Mittwochs 19:30 &#8211; 21:00 Uhr besetzt)<\/p>\n<\/address>\n<p>&nbsp;<\/p>\n<p>Hilfeleistungen jeglicher Art (die KEINE NOTF\u00c4LLE sind!) werden von uns verrechnet!<\/p>\n<p>Kontaktaufnahme \u00fcber die Gemeinde F\u00fcgen oder F\u00fcgenberg.<\/p>\n\t\t\t\t<img loading=\"lazy\" decoding=\"async\" src=\"https:\/\/ff-fuegen.at\/wp-content\/uploads\/2014\/11\/GH-HF_1.jpg\" alt=\"GH-HF_1\" itemprop=\"image\" height=\"600\" width=\"800\" title=\"GH-HF_1\" onerror=\"this.style.display='none'\"  \/>\n\t\n<h2>L\u00f6schgruppe Hochf\u00fcgen<\/h2>\n<p>Hochf\u00fcgen<\/p>\n<p>6264 F\u00fcgenberg<\/p>\n\t<p><iframe loading=\"lazy\" src=\"https:\/\/www.facebook.com\/plugins\/page.php?href=https%3A%2F%2Fwww.facebook.com%2Ffeuerwehr.fugen&amp;tabs=timeline&amp;width=484&amp;height=500&amp;small_header=true&amp;adapt_container_width=true&amp;hide_cover=false&amp;show_facepile=true&amp;appId\" width=\"484\" height=\"500\" frameborder=\"0\" scrolling=\"no\"><\/iframe><\/p>\n\t<p>Bei Fragen sind wir mit diesem Formular jederzeit erreichbar:<\/p>\n<div role=\"form\" class=\"wpcf7\" id=\"wpcf7-f1477-o1\" lang=\"de-DE\" dir=\"ltr\">\n<div class=\"screen-reader-response\"><\/div>\n<form action=\"\/index.php?rest_route=%2Fwp%2Fv2%2Fpages%2F861#wpcf7-f1477-o1\" method=\"post\" class=\"wpcf7-form\" novalidate=\"novalidate\">\n<div style=\"display: none;\">\n<input type=\"hidden\" name=\"_wpcf7\" value=\"1477\" \/>\n<input type=\"hidden\" name=\"_wpcf7_version\" value=\"5.0.1\" \/>\n<input type=\"hidden\" name=\"_wpcf7_locale\" value=\"de_DE\" \/>\n<input type=\"hidden\" name=\"_wpcf7_unit_tag\" value=\"wpcf7-f1477-o1\" \/>\n<input type=\"hidden\" name=\"_wpcf7_container_post\" value=\"0\" \/>\n<\/div>\n<p><label> Dein Name (Pflichtfeld)<br \/>\n    <span class=\"wpcf7-form-control-wrap your-name\"><input type=\"text\" name=\"your-name\" value=\"\" size=\"40\" class=\"wpcf7-form-control wpcf7-text wpcf7-validates-as-required\" aria-required=\"true\" aria-invalid=\"false\" \/><\/span> <\/label><\/p>\n<p><label> Deine E-Mail-Adresse (Pflichtfeld)<br \/>\n    <span class=\"wpcf7-form-control-wrap your-email\"><input type=\"email\" name=\"your-email\" value=\"\" size=\"40\" class=\"wpcf7-form-control wpcf7-text wpcf7-email wpcf7-validates-as-required wpcf7-validates-as-email\" aria-required=\"true\" aria-invalid=\"false\" \/><\/span> <\/label><\/p>\n<p><label> Betreff<br \/>\n    <span class=\"wpcf7-form-control-wrap your-subject\"><input type=\"text\" name=\"your-subject\" value=\"\" size=\"40\" class=\"wpcf7-form-control wpcf7-text\" aria-invalid=\"false\" \/><\/span> <\/label><\/p>\n<p><label> Deine Nachricht<br \/>\n    <span class=\"wpcf7-form-control-wrap your-message\"><textarea name=\"your-message\" cols=\"40\" rows=\"10\" class=\"wpcf7-form-control wpcf7-textarea\" aria-invalid=\"false\"><\/textarea><\/span> <\/label><\/p>\n<p><input type=\"submit\" value=\"Senden\" class=\"wpcf7-form-control wpcf7-submit\" \/><\/p>\n<div class=\"wpcf7-response-output wpcf7-display-none\"><\/div><\/form><\/div>\n\n","protected":false},"excerpt":{"rendered":"<div class=\"entry-summary\">\n<div class=\"entry-summary\">\nInteresse der Freiwilligen Feuerwehr F\u00fcgen beizutreten? Freiwillige Feuerwehr F\u00fcgen Kapfingerstra\u00dfe 59 6263&hellip;\n<\/div>\n<div class=\"link-more\"><a href=\"https:\/\/ff-fuegen.at\/?page_id=861\" class=\"more-link\">Continue reading<span class=\"screen-reader-text\"> &ldquo;Kontakt&rdquo;<\/span>&hellip;<\/a><\/div>\n<\/div>\n<div class=\"link-more\"><a href=\"https:\/\/ff-fuegen.at\/?page_id=861\" class=\"more-link\">Continue reading<span class=\"screen-reader-text\"> &ldquo;Kontakt&rdquo;<\/span>&hellip;<\/a><\/div>\n","protected":false},"author":3,"featured_media":0,"parent":0,"menu_order":3,"comment_status":"closed","ping_status":"closed","template":"page-template\/_fullwidth.php","meta":{"_acf_changed":false,"footnotes":""},"class_list":["post-861","page","type-page","status-publish","hentry","entry"],"acf":[],"_links":{"self":[{"href":"https:\/\/ff-fuegen.at\/index.php?rest_route=\/wp\/v2\/pages\/861","targetHints":{"allow":["GET"]}}],"collection":[{"href":"https:\/\/ff-fuegen.at\/index.php?rest_route=\/wp\/v2\/pages"}],"about":[{"href":"https:\/\/ff-fuegen.at\/index.php?rest_route=\/wp\/v2\/types\/page"}],"author":[{"embeddable":true,"href":"https:\/\/ff-fuegen.at\/index.php?rest_route=\/wp\/v2\/users\/3"}],"replies":[{"embeddable":true,"href":"https:\/\/ff-fuegen.at\/index.php?rest_route=%2Fwp%2Fv2%2Fcomments&post=861"}],"version-history":[{"count":2,"href":"https:\/\/ff-fuegen.at\/index.php?rest_route=\/wp\/v2\/pages\/861\/revisions"}],"predecessor-version":[{"id":7189,"href":"https:\/\/ff-fuegen.at\/index.php?rest_route=\/wp\/v2\/pages\/861\/revisions\/7189"}],"wp:attachment":[{"href":"https:\/\/ff-fuegen.at\/index.php?rest_route=%2Fwp%2Fv2%2Fmedia&parent=861"}],"curies":[{"name":"wp","href":"https:\/\/api.w.org\/{rel}","templated":true}]}}