{"id":911,"date":"2017-04-20T14:01:15","date_gmt":"2017-04-20T14:01:15","guid":{"rendered":"https:\/\/ff-fuegen.at\/?page_id=911"},"modified":"2025-03-14T20:16:57","modified_gmt":"2025-03-14T20:16:57","slug":"mannschaft","status":"publish","type":"page","link":"https:\/\/ff-fuegen.at\/?page_id=911","title":{"rendered":"Mannschaft"},"content":{"rendered":"\n\t<h1>Mannschaft<\/h1>\n\t<p>Die FF F\u00fcgen besteht zum Einen aus der Feuerwehr F\u00fcgen und zum Anderen aus\u00a0der dazugeh\u00f6rigen L\u00f6schgruppe Hochf\u00fcgen.<\/p>\n<p>Die FF F\u00fcgen besteht derzeit aus folgenden Mitgliedern:<\/p>\n<ul>\n<li>91 AKTIVE KAMERADEN UND 10 AKTIVE KAMERADINNEN<\/li>\n<li>17 JUGENDMITGLIEDER<\/li>\n<li>30 RESERVISTEN<\/li>\n<li>2 EHRENMITGLIEDER<\/li>\n<\/ul>\n<ul>\n<li><b>151 Mitglieder GESAMT<\/b><\/li>\n<\/ul>\nVon den AKTIVEN Mitgliedern stehen derzeit 31<b> Mann und 1 Frau im aktiven ATS &#8211; Dienst\u00a0<\/b>(<b>AT<\/b>em<b>S<\/b>chutz) der FF F\u00fcgen.<br \/>\nVon diesen\u00a0 Mitgliedern tragen 30das Atemschutzleistungsabzeichen (ASLA) in\u00a0<b>BRONZE<\/b>, 22das ASLA in\u00a0<b>SILBER<\/b>und <strong>17 <\/strong>das ASLA in\u00a0<b>GOLD<\/b>.\n<p><b>Stand per: 08. April 2023<\/b><\/p>\n\t\t\t\t<img decoding=\"async\" src=\"https:\/\/ff-fuegen.at\/wp-content\/uploads\/2017\/04\/850ff80635.jpg\" alt=\"Mannschaft der FF F\u00fcgen im Jahr 2011\" itemprop=\"image\"  \/>\n\t\tMannschaft der FF F\u00fcgen im Jahr 2011\n\t","protected":false},"excerpt":{"rendered":"<div class=\"entry-summary\">\n<div class=\"entry-summary\">\nMannschaft Die FF F\u00fcgen besteht zum Einen aus der Feuerwehr F\u00fcgen und&hellip;\n<\/div>\n<div class=\"link-more\"><a href=\"https:\/\/ff-fuegen.at\/?page_id=911\" class=\"more-link\">Continue reading<span class=\"screen-reader-text\"> &ldquo;Mannschaft&rdquo;<\/span>&hellip;<\/a><\/div>\n<\/div>\n<div class=\"link-more\"><a href=\"https:\/\/ff-fuegen.at\/?page_id=911\" class=\"more-link\">Continue reading<span class=\"screen-reader-text\"> &ldquo;Mannschaft&rdquo;<\/span>&hellip;<\/a><\/div>\n","protected":false},"author":3,"featured_media":0,"parent":0,"menu_order":0,"comment_status":"closed","ping_status":"closed","template":"page-template\/_fullwidth.php","meta":{"_acf_changed":false,"footnotes":""},"class_list":["post-911","page","type-page","status-publish","hentry","entry"],"acf":[],"_links":{"self":[{"href":"https:\/\/ff-fuegen.at\/index.php?rest_route=\/wp\/v2\/pages\/911","targetHints":{"allow":["GET"]}}],"collection":[{"href":"https:\/\/ff-fuegen.at\/index.php?rest_route=\/wp\/v2\/pages"}],"about":[{"href":"https:\/\/ff-fuegen.at\/index.php?rest_route=\/wp\/v2\/types\/page"}],"author":[{"embeddable":true,"href":"https:\/\/ff-fuegen.at\/index.php?rest_route=\/wp\/v2\/users\/3"}],"replies":[{"embeddable":true,"href":"https:\/\/ff-fuegen.at\/index.php?rest_route=%2Fwp%2Fv2%2Fcomments&post=911"}],"version-history":[{"count":1,"href":"https:\/\/ff-fuegen.at\/index.php?rest_route=\/wp\/v2\/pages\/911\/revisions"}],"predecessor-version":[{"id":6097,"href":"https:\/\/ff-fuegen.at\/index.php?rest_route=\/wp\/v2\/pages\/911\/revisions\/6097"}],"wp:attachment":[{"href":"https:\/\/ff-fuegen.at\/index.php?rest_route=%2Fwp%2Fv2%2Fmedia&parent=911"}],"curies":[{"name":"wp","href":"https:\/\/api.w.org\/{rel}","templated":true}]}}